{"id":48192,"date":"2025-10-01T10:12:36","date_gmt":"2025-10-01T13:12:36","guid":{"rendered":"https:\/\/www.dellepianespirits.com\/store\/?post_type=product&#038;p=48192"},"modified":"2026-04-14T17:10:17","modified_gmt":"2026-04-14T20:10:17","slug":"loch-lomond-original-single-malt-estuche","status":"publish","type":"product","link":"https:\/\/www.dellepianespirits.com\/store\/productos\/loch-lomond-original-single-malt-estuche\/","title":{"rendered":"Loch Lomond Single Malt con estuche"},"content":{"rendered":"","protected":false},"excerpt":{"rendered":"<p>El <strong>Loch Lomond Original Single Malt<\/strong> es un whisky que busca la armon\u00eda entre la robustez y suavidad, con un estilo f\u00e1cil de beber. Madurado en las mejores barricas de roble, se caracteriza por un perfil elegante y con cuerpo. Su aroma comienza con un car\u00e1cter oscuro de cuero y notas c\u00e1lidas, que luego se transforman en una expresi\u00f3n m\u00e1s dulce y malteada, concluyendo con sutiles toques de madera clara. En boca se impone con una explosi\u00f3n de malta y cereales dulces que van construyendo una textura cremosa en el paladar, mientras que en la parte media surge un intenso sabor a nuez de Brasil. El final es redondo y complejo, pasando de notas dulzonas de melaza hacia una conclusi\u00f3n m\u00e1s oscura y c\u00edtrica, donde la c\u00e1scara de fruta equilibra el dulzor inicial.<\/p>\n","protected":false},"featured_media":48185,"template":"","meta":{"wds_primary_product_brand":0,"wds_primary_product_cat":0,"footnotes":""},"product_brand":[],"product_cat":[137,65],"product_tag":[136,66],"class_list":{"0":"post-48192","1":"product","2":"type-product","3":"status-publish","4":"has-post-thumbnail","6":"product_cat-importado","7":"product_cat-whisky","8":"product_tag-importado","9":"product_tag-loch-lomond","11":"first","12":"instock","13":"shipping-taxable","14":"purchasable","15":"product-type-simple"},"_links":{"self":[{"href":"https:\/\/www.dellepianespirits.com\/store\/wp-json\/wp\/v2\/product\/48192","targetHints":{"allow":["GET"]}}],"collection":[{"href":"https:\/\/www.dellepianespirits.com\/store\/wp-json\/wp\/v2\/product"}],"about":[{"href":"https:\/\/www.dellepianespirits.com\/store\/wp-json\/wp\/v2\/types\/product"}],"version-history":[{"count":0,"href":"https:\/\/www.dellepianespirits.com\/store\/wp-json\/wp\/v2\/product\/48192\/revisions"}],"wp:featuredmedia":[{"embeddable":true,"href":"https:\/\/www.dellepianespirits.com\/store\/wp-json\/wp\/v2\/media\/48185"}],"wp:attachment":[{"href":"https:\/\/www.dellepianespirits.com\/store\/wp-json\/wp\/v2\/media?parent=48192"}],"wp:term":[{"taxonomy":"product_brand","embeddable":true,"href":"https:\/\/www.dellepianespirits.com\/store\/wp-json\/wp\/v2\/product_brand?post=48192"},{"taxonomy":"product_cat","embeddable":true,"href":"https:\/\/www.dellepianespirits.com\/store\/wp-json\/wp\/v2\/product_cat?post=48192"},{"taxonomy":"product_tag","embeddable":true,"href":"https:\/\/www.dellepianespirits.com\/store\/wp-json\/wp\/v2\/product_tag?post=48192"}],"curies":[{"name":"wp","href":"https:\/\/api.w.org\/{rel}","templated":true}]}}