{"id":48187,"date":"2025-10-01T09:56:45","date_gmt":"2025-10-01T12:56:45","guid":{"rendered":"https:\/\/www.dellepianespirits.com\/store\/?post_type=product&#038;p=48187"},"modified":"2026-04-11T17:10:16","modified_gmt":"2026-04-11T20:10:16","slug":"loch-lomond-12-years","status":"publish","type":"product","link":"https:\/\/www.dellepianespirits.com\/store\/productos\/loch-lomond-12-years\/","title":{"rendered":"Loch Lomond 12 Years"},"content":{"rendered":"","protected":false},"excerpt":{"rendered":"<p>El <strong>Loch Lomond 12 a\u00f1os Single Malt<\/strong> representa la esencia m\u00e1s refinada de la destiler\u00eda. Elaborado con alambiques exclusivos y madurado en tres tipos de barricas de roble americano, este whisky ofrece un car\u00e1cter equilibrado y elegante. En nariz se perciben notas frescas de manzana verde, pera madura y lim\u00f3n c\u00edtrico, acompa\u00f1adas por un fondo de cereal dorado. En boca se presenta con gran intensidad frutal, dominada por la pera y los c\u00edtricos, suavizados por el merengue de vainilla y un delicado dulzor de galleta. Su final es arm\u00f3nico y prolongado, con un sutil toque ahumado que lo distingue como un malta de calidad excepcional.<\/p>\n","protected":false},"featured_media":48183,"template":"","meta":{"wds_primary_product_brand":0,"wds_primary_product_cat":0,"footnotes":""},"product_brand":[],"product_cat":[137,65],"product_tag":[136,66],"class_list":{"0":"post-48187","1":"product","2":"type-product","3":"status-publish","4":"has-post-thumbnail","6":"product_cat-importado","7":"product_cat-whisky","8":"product_tag-importado","9":"product_tag-loch-lomond","11":"first","12":"instock","13":"shipping-taxable","14":"purchasable","15":"product-type-simple"},"_links":{"self":[{"href":"https:\/\/www.dellepianespirits.com\/store\/wp-json\/wp\/v2\/product\/48187","targetHints":{"allow":["GET"]}}],"collection":[{"href":"https:\/\/www.dellepianespirits.com\/store\/wp-json\/wp\/v2\/product"}],"about":[{"href":"https:\/\/www.dellepianespirits.com\/store\/wp-json\/wp\/v2\/types\/product"}],"version-history":[{"count":0,"href":"https:\/\/www.dellepianespirits.com\/store\/wp-json\/wp\/v2\/product\/48187\/revisions"}],"wp:featuredmedia":[{"embeddable":true,"href":"https:\/\/www.dellepianespirits.com\/store\/wp-json\/wp\/v2\/media\/48183"}],"wp:attachment":[{"href":"https:\/\/www.dellepianespirits.com\/store\/wp-json\/wp\/v2\/media?parent=48187"}],"wp:term":[{"taxonomy":"product_brand","embeddable":true,"href":"https:\/\/www.dellepianespirits.com\/store\/wp-json\/wp\/v2\/product_brand?post=48187"},{"taxonomy":"product_cat","embeddable":true,"href":"https:\/\/www.dellepianespirits.com\/store\/wp-json\/wp\/v2\/product_cat?post=48187"},{"taxonomy":"product_tag","embeddable":true,"href":"https:\/\/www.dellepianespirits.com\/store\/wp-json\/wp\/v2\/product_tag?post=48187"}],"curies":[{"name":"wp","href":"https:\/\/api.w.org\/{rel}","templated":true}]}}