{"id":41602,"date":"2023-11-21T16:13:01","date_gmt":"2023-11-21T19:13:01","guid":{"rendered":"https:\/\/www.dellepianespirits.com\/store\/?post_type=product&#038;p=41602"},"modified":"2026-05-03T17:10:13","modified_gmt":"2026-05-03T20:10:13","slug":"vecchio-amaro-del-capo-red-hot-edition","status":"publish","type":"product","link":"https:\/\/www.dellepianespirits.com\/store\/productos\/vecchio-amaro-del-capo-red-hot-edition\/","title":{"rendered":"Vecchio Amaro del Capo Red Hot Edition"},"content":{"rendered":"","protected":false},"excerpt":{"rendered":"<p><em>Vecchio Amaro del Capo es uno de los mayores placeres de Calabria, se ha potenciado a\u00fan m\u00e1s con el peperoncino de Calabria para a\u00f1adir un suave toque picante a su distintivo e inconfundible sabor.\u00a0<\/em><\/p>\n<p><em>Para disfrutar plenamente de las caracter\u00edsticas arom\u00e1ticas y refrescantes de este licor, recomendamos servirlo siempre a -20\u00b0 directamente del freezer. La nota picante ideal para sus c\u00f3cteles Del Capo&#8217;s.\u00a0\u00a0<\/em><\/p>\n","protected":false},"featured_media":47633,"template":"","meta":{"wds_primary_product_brand":0,"wds_primary_product_cat":0,"footnotes":""},"product_brand":[],"product_cat":[105,112],"product_tag":[136,160],"class_list":{"0":"post-41602","1":"product","2":"type-product","3":"status-publish","4":"has-post-thumbnail","6":"product_cat-importados","7":"product_cat-licores","8":"product_tag-importado","9":"product_tag-licores","11":"first","12":"instock","13":"shipping-taxable","14":"purchasable","15":"product-type-simple"},"_links":{"self":[{"href":"https:\/\/www.dellepianespirits.com\/store\/wp-json\/wp\/v2\/product\/41602","targetHints":{"allow":["GET"]}}],"collection":[{"href":"https:\/\/www.dellepianespirits.com\/store\/wp-json\/wp\/v2\/product"}],"about":[{"href":"https:\/\/www.dellepianespirits.com\/store\/wp-json\/wp\/v2\/types\/product"}],"version-history":[{"count":0,"href":"https:\/\/www.dellepianespirits.com\/store\/wp-json\/wp\/v2\/product\/41602\/revisions"}],"wp:featuredmedia":[{"embeddable":true,"href":"https:\/\/www.dellepianespirits.com\/store\/wp-json\/wp\/v2\/media\/47633"}],"wp:attachment":[{"href":"https:\/\/www.dellepianespirits.com\/store\/wp-json\/wp\/v2\/media?parent=41602"}],"wp:term":[{"taxonomy":"product_brand","embeddable":true,"href":"https:\/\/www.dellepianespirits.com\/store\/wp-json\/wp\/v2\/product_brand?post=41602"},{"taxonomy":"product_cat","embeddable":true,"href":"https:\/\/www.dellepianespirits.com\/store\/wp-json\/wp\/v2\/product_cat?post=41602"},{"taxonomy":"product_tag","embeddable":true,"href":"https:\/\/www.dellepianespirits.com\/store\/wp-json\/wp\/v2\/product_tag?post=41602"}],"curies":[{"name":"wp","href":"https:\/\/api.w.org\/{rel}","templated":true}]}}