{"id":38332,"date":"2023-04-19T17:50:39","date_gmt":"2023-04-19T20:50:39","guid":{"rendered":"https:\/\/www.dellepianespirits.com\/store\/?post_type=product&#038;p=38332"},"modified":"2026-05-02T17:10:09","modified_gmt":"2026-05-02T20:10:09","slug":"cana-durazno","status":"publish","type":"product","link":"https:\/\/www.dellepianespirits.com\/store\/productos\/cana-durazno\/","title":{"rendered":"Ca\u00f1a de Durazno"},"content":{"rendered":"","protected":false},"excerpt":{"rendered":"<p>Elaborada a partir de una maceraci\u00f3n de duraznos seleccionados en alcoholes destilados de melazas de ca\u00f1a de az\u00facar. Se completa su composici\u00f3n con el agregado de az\u00facares refinados y caramelo natural para dar al producto su car\u00e1cter \u00fanico.<\/p>\n<p>Sugerencias de consumo:<br \/>\nSe puede tomar sola, con hielo o para endulzar tragos de todo tipo. Ideal en reposter\u00eda para preparar (embeber) tortas y postres.<\/p>\n","protected":false},"featured_media":47575,"template":"","meta":{"wds_primary_product_brand":0,"wds_primary_product_cat":112,"footnotes":""},"product_brand":[],"product_cat":[112],"product_tag":[142,170,171],"class_list":{"0":"post-38332","1":"product","2":"type-product","3":"status-publish","4":"has-post-thumbnail","6":"product_cat-licores","7":"product_tag-cana","8":"product_tag-ombu","9":"product_tag-padilla","11":"first","12":"instock","13":"shipping-taxable","14":"purchasable","15":"product-type-simple"},"_links":{"self":[{"href":"https:\/\/www.dellepianespirits.com\/store\/wp-json\/wp\/v2\/product\/38332","targetHints":{"allow":["GET"]}}],"collection":[{"href":"https:\/\/www.dellepianespirits.com\/store\/wp-json\/wp\/v2\/product"}],"about":[{"href":"https:\/\/www.dellepianespirits.com\/store\/wp-json\/wp\/v2\/types\/product"}],"version-history":[{"count":0,"href":"https:\/\/www.dellepianespirits.com\/store\/wp-json\/wp\/v2\/product\/38332\/revisions"}],"wp:featuredmedia":[{"embeddable":true,"href":"https:\/\/www.dellepianespirits.com\/store\/wp-json\/wp\/v2\/media\/47575"}],"wp:attachment":[{"href":"https:\/\/www.dellepianespirits.com\/store\/wp-json\/wp\/v2\/media?parent=38332"}],"wp:term":[{"taxonomy":"product_brand","embeddable":true,"href":"https:\/\/www.dellepianespirits.com\/store\/wp-json\/wp\/v2\/product_brand?post=38332"},{"taxonomy":"product_cat","embeddable":true,"href":"https:\/\/www.dellepianespirits.com\/store\/wp-json\/wp\/v2\/product_cat?post=38332"},{"taxonomy":"product_tag","embeddable":true,"href":"https:\/\/www.dellepianespirits.com\/store\/wp-json\/wp\/v2\/product_tag?post=38332"}],"curies":[{"name":"wp","href":"https:\/\/api.w.org\/{rel}","templated":true}]}}