{"id":34013,"date":"2022-05-23T13:25:22","date_gmt":"2022-05-23T16:25:22","guid":{"rendered":"https:\/\/www.dellepianespirits.com\/store\/?post_type=product&#038;p=34013"},"modified":"2026-05-01T17:10:06","modified_gmt":"2026-05-01T20:10:06","slug":"golden-age-orange-curacao","status":"publish","type":"product","link":"https:\/\/www.dellepianespirits.com\/store\/productos\/golden-age-orange-curacao\/","title":{"rendered":"Golden Age Orange Curacao"},"content":{"rendered":"","protected":false},"excerpt":{"rendered":"<p>Es elaborado en base a una destilaci\u00f3n especial de cortezas de naranjas de cura\u00e7ao, maceradas previamente con otras hierbas y especias, las que le aportan complejidad, car\u00e1cter e identidad. Combinado con brandy importado, madurado durante meses en barricas de roble.<br \/>\nNotas de cata: de color naranja brillante; en nariz, se percibe inmediatamente el aroma dulce e intenso de las naranjas y se completa en boca con la complejidad de las especias y las notas caracter\u00edsticas del brandy y la madera del barril de maduraci\u00f3n.<br \/>\nUn producto de sabor \u00fanico, que combina perfectamente con todo tipo de ingredientes!<\/p>\n","protected":false},"featured_media":47585,"template":"","meta":{"wds_primary_product_brand":0,"wds_primary_product_cat":0,"footnotes":""},"product_brand":[],"product_cat":[107,112],"product_tag":[26],"class_list":{"0":"post-34013","1":"product","2":"type-product","3":"status-publish","4":"has-post-thumbnail","6":"product_cat-golden-age","7":"product_cat-licores","8":"product_tag-golden-age","10":"first","11":"instock","12":"shipping-taxable","13":"purchasable","14":"product-type-simple"},"_links":{"self":[{"href":"https:\/\/www.dellepianespirits.com\/store\/wp-json\/wp\/v2\/product\/34013","targetHints":{"allow":["GET"]}}],"collection":[{"href":"https:\/\/www.dellepianespirits.com\/store\/wp-json\/wp\/v2\/product"}],"about":[{"href":"https:\/\/www.dellepianespirits.com\/store\/wp-json\/wp\/v2\/types\/product"}],"version-history":[{"count":0,"href":"https:\/\/www.dellepianespirits.com\/store\/wp-json\/wp\/v2\/product\/34013\/revisions"}],"wp:featuredmedia":[{"embeddable":true,"href":"https:\/\/www.dellepianespirits.com\/store\/wp-json\/wp\/v2\/media\/47585"}],"wp:attachment":[{"href":"https:\/\/www.dellepianespirits.com\/store\/wp-json\/wp\/v2\/media?parent=34013"}],"wp:term":[{"taxonomy":"product_brand","embeddable":true,"href":"https:\/\/www.dellepianespirits.com\/store\/wp-json\/wp\/v2\/product_brand?post=34013"},{"taxonomy":"product_cat","embeddable":true,"href":"https:\/\/www.dellepianespirits.com\/store\/wp-json\/wp\/v2\/product_cat?post=34013"},{"taxonomy":"product_tag","embeddable":true,"href":"https:\/\/www.dellepianespirits.com\/store\/wp-json\/wp\/v2\/product_tag?post=34013"}],"curies":[{"name":"wp","href":"https:\/\/api.w.org\/{rel}","templated":true}]}}