{"id":30150,"date":"2021-09-13T00:23:27","date_gmt":"2021-09-13T03:23:27","guid":{"rendered":"https:\/\/www.dellepianespirits.com\/store\/?post_type=product&#038;p=30150"},"modified":"2026-04-14T17:10:13","modified_gmt":"2026-04-14T20:10:13","slug":"mariposa","status":"publish","type":"product","link":"https:\/\/www.dellepianespirits.com\/store\/productos\/mariposa\/","title":{"rendered":"Mariposa"},"content":{"rendered":"","protected":false},"excerpt":{"rendered":"<p>Licor fino elaborado con agua, miel, grappa y caramelo; dulce al paladar e intenso en la garganta. De color \u00e1mbar medio. Su aroma se asemeja a frutas disecadas como uvas pasas, ciruelas, hierbas y miel, equilibrado y en boca tiene una nota final ligeramente picante.<br \/>\nEsto se logra a partir de una esmerada mezcla de ingredientes de alta calidad como una Grappa muy arom\u00e1tica de estilo italiano y miel cosechada en distintos campos de nuestro pa\u00eds, aportando cada uno de ellos un perfil particular otorgado por las flores caracter\u00edsticas de cada zona.<\/p>\n<p>Esto hace de Mariposa un Licor especial con un Blend \u00fanico.<\/p>\n","protected":false},"featured_media":47596,"template":"","meta":{"wds_primary_product_brand":0,"wds_primary_product_cat":0,"footnotes":""},"product_brand":[],"product_cat":[108,112],"product_tag":[141,160],"class_list":{"0":"post-30150","1":"product","2":"type-product","3":"status-publish","4":"has-post-thumbnail","6":"product_cat-destilados","7":"product_cat-licores","8":"product_tag-destilado","9":"product_tag-licores","11":"first","12":"instock","13":"shipping-taxable","14":"purchasable","15":"product-type-simple"},"_links":{"self":[{"href":"https:\/\/www.dellepianespirits.com\/store\/wp-json\/wp\/v2\/product\/30150","targetHints":{"allow":["GET"]}}],"collection":[{"href":"https:\/\/www.dellepianespirits.com\/store\/wp-json\/wp\/v2\/product"}],"about":[{"href":"https:\/\/www.dellepianespirits.com\/store\/wp-json\/wp\/v2\/types\/product"}],"version-history":[{"count":0,"href":"https:\/\/www.dellepianespirits.com\/store\/wp-json\/wp\/v2\/product\/30150\/revisions"}],"wp:featuredmedia":[{"embeddable":true,"href":"https:\/\/www.dellepianespirits.com\/store\/wp-json\/wp\/v2\/media\/47596"}],"wp:attachment":[{"href":"https:\/\/www.dellepianespirits.com\/store\/wp-json\/wp\/v2\/media?parent=30150"}],"wp:term":[{"taxonomy":"product_brand","embeddable":true,"href":"https:\/\/www.dellepianespirits.com\/store\/wp-json\/wp\/v2\/product_brand?post=30150"},{"taxonomy":"product_cat","embeddable":true,"href":"https:\/\/www.dellepianespirits.com\/store\/wp-json\/wp\/v2\/product_cat?post=30150"},{"taxonomy":"product_tag","embeddable":true,"href":"https:\/\/www.dellepianespirits.com\/store\/wp-json\/wp\/v2\/product_tag?post=30150"}],"curies":[{"name":"wp","href":"https:\/\/api.w.org\/{rel}","templated":true}]}}