{"id":2958,"date":"2020-05-14T12:55:03","date_gmt":"2020-05-14T15:55:03","guid":{"rendered":"https:\/\/www.dellepianespirits.com\/store\/?post_type=product&#038;p=2958"},"modified":"2026-05-11T05:49:39","modified_gmt":"2026-05-11T08:49:39","slug":"cana-1o-de-agosto","status":"publish","type":"product","link":"https:\/\/www.dellepianespirits.com\/store\/productos\/cana-1o-de-agosto\/","title":{"rendered":"Ca\u00f1a 1\u00ba de Agosto"},"content":{"rendered":"","protected":false},"excerpt":{"rendered":"<p>Se trata de una bebida alcoh\u00f3lica t\u00edpicamente argentina cuya tradici\u00f3n se remonta a nuestros pueblos originarios y su consumo se extiende hoy a toda am\u00e9rica latina.<br \/>\nComo es tradici\u00f3n, el 1\u00ba de agosto o \u201cd\u00eda de la pachamama\u201d debe tomarse \u201cca\u00f1a con ruda\u201d, para espantar los males, agradecer a la \u201cmadre tierra\u201d y tener buena vida hacia adelante.<br \/>\nEs elaborado por nuestro maestro destilador a partir de alcohol destilado de mieles de ca\u00f1a de az\u00facar, destilaci\u00f3n de hierbas y frutas que le dan un perfil inigualable a este producto.<\/p>\n","protected":false},"featured_media":47563,"template":"","meta":{"wds_primary_product_brand":0,"wds_primary_product_cat":0,"footnotes":""},"product_brand":[],"product_cat":[140,108],"product_tag":[142,141],"class_list":{"0":"post-2958","1":"product","2":"type-product","3":"status-publish","4":"has-post-thumbnail","6":"product_cat-cana","7":"product_cat-destilados","8":"product_tag-cana","9":"product_tag-destilado","11":"first","12":"instock","13":"sale","14":"shipping-taxable","15":"purchasable","16":"product-type-simple"},"_links":{"self":[{"href":"https:\/\/www.dellepianespirits.com\/store\/wp-json\/wp\/v2\/product\/2958","targetHints":{"allow":["GET"]}}],"collection":[{"href":"https:\/\/www.dellepianespirits.com\/store\/wp-json\/wp\/v2\/product"}],"about":[{"href":"https:\/\/www.dellepianespirits.com\/store\/wp-json\/wp\/v2\/types\/product"}],"version-history":[{"count":0,"href":"https:\/\/www.dellepianespirits.com\/store\/wp-json\/wp\/v2\/product\/2958\/revisions"}],"wp:featuredmedia":[{"embeddable":true,"href":"https:\/\/www.dellepianespirits.com\/store\/wp-json\/wp\/v2\/media\/47563"}],"wp:attachment":[{"href":"https:\/\/www.dellepianespirits.com\/store\/wp-json\/wp\/v2\/media?parent=2958"}],"wp:term":[{"taxonomy":"product_brand","embeddable":true,"href":"https:\/\/www.dellepianespirits.com\/store\/wp-json\/wp\/v2\/product_brand?post=2958"},{"taxonomy":"product_cat","embeddable":true,"href":"https:\/\/www.dellepianespirits.com\/store\/wp-json\/wp\/v2\/product_cat?post=2958"},{"taxonomy":"product_tag","embeddable":true,"href":"https:\/\/www.dellepianespirits.com\/store\/wp-json\/wp\/v2\/product_tag?post=2958"}],"curies":[{"name":"wp","href":"https:\/\/api.w.org\/{rel}","templated":true}]}}