{"id":2945,"date":"2020-05-12T10:14:11","date_gmt":"2020-05-12T13:14:11","guid":{"rendered":"https:\/\/www.dellepianespirits.com\/store\/?post_type=product&#038;p=2945"},"modified":"2026-05-11T05:49:39","modified_gmt":"2026-05-11T08:49:39","slug":"licor-de-chocolate-amargo","status":"publish","type":"product","link":"https:\/\/www.dellepianespirits.com\/store\/productos\/licor-de-chocolate-amargo\/","title":{"rendered":"Licor de Chocolate Amargo"},"content":{"rendered":"","protected":false},"excerpt":{"rendered":"<p>Una versi\u00f3n novedosa, del tradicional licor de chocolate que ya se encuentra entre los sabores favoritos de muchos. Se caracteriza por tener una mayor proporci\u00f3n de cacao y mucho menos az\u00facar lo cu\u00e1l tiene muchos beneficios para la salud. Rico en antoxidantes, beneficiosos para el coraz\u00f3n, gran promotor de la seratonina lo que genera una sensaci\u00f3n de bienestar y felicidad. El chocolate negro posee un alto contenido de fibra soluble, lo cual genera una sensaci\u00f3n de saciedad prolongada.<\/p>\n<p>Es elaborado, cuidadosamente por nuestro maestro destilador a partir de una infusi\u00f3n de cacao, una base l\u00e1ctea de primera calidad y alcohol extra neutro.<\/p>\n","protected":false},"featured_media":47616,"template":"","meta":{"wds_primary_product_brand":0,"wds_primary_product_cat":0,"footnotes":""},"product_brand":[],"product_cat":[112,104],"product_tag":[159,151,113],"class_list":{"0":"post-2945","1":"product","2":"type-product","3":"status-publish","4":"has-post-thumbnail","6":"product_cat-licores","7":"product_cat-tres-plumas","8":"product_tag-combo-choco","9":"product_tag-licores-cremosos","10":"product_tag-tres-plumas","12":"first","13":"instock","14":"sale","15":"shipping-taxable","16":"purchasable","17":"product-type-simple"},"_links":{"self":[{"href":"https:\/\/www.dellepianespirits.com\/store\/wp-json\/wp\/v2\/product\/2945","targetHints":{"allow":["GET"]}}],"collection":[{"href":"https:\/\/www.dellepianespirits.com\/store\/wp-json\/wp\/v2\/product"}],"about":[{"href":"https:\/\/www.dellepianespirits.com\/store\/wp-json\/wp\/v2\/types\/product"}],"version-history":[{"count":0,"href":"https:\/\/www.dellepianespirits.com\/store\/wp-json\/wp\/v2\/product\/2945\/revisions"}],"wp:featuredmedia":[{"embeddable":true,"href":"https:\/\/www.dellepianespirits.com\/store\/wp-json\/wp\/v2\/media\/47616"}],"wp:attachment":[{"href":"https:\/\/www.dellepianespirits.com\/store\/wp-json\/wp\/v2\/media?parent=2945"}],"wp:term":[{"taxonomy":"product_brand","embeddable":true,"href":"https:\/\/www.dellepianespirits.com\/store\/wp-json\/wp\/v2\/product_brand?post=2945"},{"taxonomy":"product_cat","embeddable":true,"href":"https:\/\/www.dellepianespirits.com\/store\/wp-json\/wp\/v2\/product_cat?post=2945"},{"taxonomy":"product_tag","embeddable":true,"href":"https:\/\/www.dellepianespirits.com\/store\/wp-json\/wp\/v2\/product_tag?post=2945"}],"curies":[{"name":"wp","href":"https:\/\/api.w.org\/{rel}","templated":true}]}}