{"id":2873,"date":"2020-05-08T10:28:54","date_gmt":"2020-05-08T13:28:54","guid":{"rendered":"https:\/\/www.dellepianespirits.com\/store\/productos\/import-placeholder-for-726\/"},"modified":"2026-04-30T17:10:07","modified_gmt":"2026-04-30T20:10:07","slug":"licor-de-menta","status":"publish","type":"product","link":"https:\/\/www.dellepianespirits.com\/store\/productos\/licor-de-menta\/","title":{"rendered":"Licor de Menta"},"content":{"rendered":"","protected":false},"excerpt":{"rendered":"<p>Un cl\u00e1sico presente de la \u00e9poca dorada de la cocteler\u00eda en los a\u00f1os \u00b440s. El maestro destilador lo viene elaborando a partir de esencia natural de menta piperita, obtenida por destilaci\u00f3n al vac\u00edo y a baja temperatura, de hojas de menta fresca provenientes de la India. COLOR: Verde oscuro, tipo ingl\u00e9s. NARIZ: Franca, expresiva, remite a una refrescante nota mentolada. BOCA: Dulce e intensa, con toda la potencia de la menta. Posee la densidad de un licor crema, muy dulce.<\/p>\n","protected":false},"featured_media":47629,"template":"","meta":{"wds_primary_product_brand":0,"wds_primary_product_cat":0,"footnotes":""},"product_brand":[],"product_cat":[112],"product_tag":[113],"class_list":{"0":"post-2873","1":"product","2":"type-product","3":"status-publish","4":"has-post-thumbnail","6":"product_cat-licores","7":"product_tag-tres-plumas","9":"first","10":"instock","11":"shipping-taxable","12":"purchasable","13":"product-type-simple"},"_links":{"self":[{"href":"https:\/\/www.dellepianespirits.com\/store\/wp-json\/wp\/v2\/product\/2873","targetHints":{"allow":["GET"]}}],"collection":[{"href":"https:\/\/www.dellepianespirits.com\/store\/wp-json\/wp\/v2\/product"}],"about":[{"href":"https:\/\/www.dellepianespirits.com\/store\/wp-json\/wp\/v2\/types\/product"}],"version-history":[{"count":0,"href":"https:\/\/www.dellepianespirits.com\/store\/wp-json\/wp\/v2\/product\/2873\/revisions"}],"wp:featuredmedia":[{"embeddable":true,"href":"https:\/\/www.dellepianespirits.com\/store\/wp-json\/wp\/v2\/media\/47629"}],"wp:attachment":[{"href":"https:\/\/www.dellepianespirits.com\/store\/wp-json\/wp\/v2\/media?parent=2873"}],"wp:term":[{"taxonomy":"product_brand","embeddable":true,"href":"https:\/\/www.dellepianespirits.com\/store\/wp-json\/wp\/v2\/product_brand?post=2873"},{"taxonomy":"product_cat","embeddable":true,"href":"https:\/\/www.dellepianespirits.com\/store\/wp-json\/wp\/v2\/product_cat?post=2873"},{"taxonomy":"product_tag","embeddable":true,"href":"https:\/\/www.dellepianespirits.com\/store\/wp-json\/wp\/v2\/product_tag?post=2873"}],"curies":[{"name":"wp","href":"https:\/\/api.w.org\/{rel}","templated":true}]}}