{"id":2872,"date":"2020-05-08T10:28:53","date_gmt":"2020-05-08T13:28:53","guid":{"rendered":"https:\/\/www.dellepianespirits.com\/store\/productos\/import-placeholder-for-705\/"},"modified":"2026-04-17T17:10:13","modified_gmt":"2026-04-17T20:10:13","slug":"licor-de-melon","status":"publish","type":"product","link":"https:\/\/www.dellepianespirits.com\/store\/productos\/licor-de-melon\/","title":{"rendered":"Licor de Mel\u00f3n"},"content":{"rendered":"","protected":false},"excerpt":{"rendered":"<p>Elaborado a partir de una maceraci\u00f3n de mel\u00f3n en la variedad \u00abroc\u00edo de miel\u00bb, en alcoholes extra neutros, nuestro maestro licorista obtiene los aromas y sabores de la fruta en su forma m\u00e1s natural. COLOR: Amarillo verdoso que remite a la corteza del mel\u00f3n. NARIZ: Luego de unos segundos se expresa intenso, con notas naturales a mel\u00f3n roc\u00edo de miel. BOCA: Dulce y equilibrado, es fiel al sabor de la fruta natural, con un estilo distinto y personalidad marcada. Este sabor de Tres Plumas fue considerado por periodistas especializados como el de mayor fidelidad a la fruta natural.<\/p>\n","protected":false},"featured_media":47628,"template":"","meta":{"wds_primary_product_brand":0,"wds_primary_product_cat":0,"footnotes":""},"product_brand":[],"product_cat":[112],"product_tag":[113],"class_list":{"0":"post-2872","1":"product","2":"type-product","3":"status-publish","4":"has-post-thumbnail","6":"product_cat-licores","7":"product_tag-tres-plumas","9":"first","10":"instock","11":"shipping-taxable","12":"purchasable","13":"product-type-simple"},"_links":{"self":[{"href":"https:\/\/www.dellepianespirits.com\/store\/wp-json\/wp\/v2\/product\/2872","targetHints":{"allow":["GET"]}}],"collection":[{"href":"https:\/\/www.dellepianespirits.com\/store\/wp-json\/wp\/v2\/product"}],"about":[{"href":"https:\/\/www.dellepianespirits.com\/store\/wp-json\/wp\/v2\/types\/product"}],"version-history":[{"count":0,"href":"https:\/\/www.dellepianespirits.com\/store\/wp-json\/wp\/v2\/product\/2872\/revisions"}],"wp:featuredmedia":[{"embeddable":true,"href":"https:\/\/www.dellepianespirits.com\/store\/wp-json\/wp\/v2\/media\/47628"}],"wp:attachment":[{"href":"https:\/\/www.dellepianespirits.com\/store\/wp-json\/wp\/v2\/media?parent=2872"}],"wp:term":[{"taxonomy":"product_brand","embeddable":true,"href":"https:\/\/www.dellepianespirits.com\/store\/wp-json\/wp\/v2\/product_brand?post=2872"},{"taxonomy":"product_cat","embeddable":true,"href":"https:\/\/www.dellepianespirits.com\/store\/wp-json\/wp\/v2\/product_cat?post=2872"},{"taxonomy":"product_tag","embeddable":true,"href":"https:\/\/www.dellepianespirits.com\/store\/wp-json\/wp\/v2\/product_tag?post=2872"}],"curies":[{"name":"wp","href":"https:\/\/api.w.org\/{rel}","templated":true}]}}