{"id":2869,"date":"2020-05-08T10:28:53","date_gmt":"2020-05-08T13:28:53","guid":{"rendered":"https:\/\/www.dellepianespirits.com\/store\/productos\/import-placeholder-for-701\/"},"modified":"2026-04-13T17:10:08","modified_gmt":"2026-04-13T20:10:08","slug":"licor-de-huevo","status":"publish","type":"product","link":"https:\/\/www.dellepianespirits.com\/store\/productos\/licor-de-huevo\/","title":{"rendered":"Licor de Huevo"},"content":{"rendered":"","protected":false},"excerpt":{"rendered":"<p>Con esmerado cuidado nuestro maestro licorista logra una perfecta conjunci\u00f3n del alcohol extra neutro con yemas de huevos frescos, elaborando un licor cl\u00e1sico entre los cl\u00e1sicos, disfrutado por generaciones en finas copitas desde la \u00e9poca dorada.<\/p>\n","protected":false},"featured_media":47624,"template":"","meta":{"wds_primary_product_brand":0,"wds_primary_product_cat":0,"footnotes":""},"product_brand":[],"product_cat":[112],"product_tag":[151,113],"class_list":{"0":"post-2869","1":"product","2":"type-product","3":"status-publish","4":"has-post-thumbnail","6":"product_cat-licores","7":"product_tag-licores-cremosos","8":"product_tag-tres-plumas","10":"first","11":"instock","12":"shipping-taxable","13":"purchasable","14":"product-type-simple"},"_links":{"self":[{"href":"https:\/\/www.dellepianespirits.com\/store\/wp-json\/wp\/v2\/product\/2869","targetHints":{"allow":["GET"]}}],"collection":[{"href":"https:\/\/www.dellepianespirits.com\/store\/wp-json\/wp\/v2\/product"}],"about":[{"href":"https:\/\/www.dellepianespirits.com\/store\/wp-json\/wp\/v2\/types\/product"}],"version-history":[{"count":0,"href":"https:\/\/www.dellepianespirits.com\/store\/wp-json\/wp\/v2\/product\/2869\/revisions"}],"wp:featuredmedia":[{"embeddable":true,"href":"https:\/\/www.dellepianespirits.com\/store\/wp-json\/wp\/v2\/media\/47624"}],"wp:attachment":[{"href":"https:\/\/www.dellepianespirits.com\/store\/wp-json\/wp\/v2\/media?parent=2869"}],"wp:term":[{"taxonomy":"product_brand","embeddable":true,"href":"https:\/\/www.dellepianespirits.com\/store\/wp-json\/wp\/v2\/product_brand?post=2869"},{"taxonomy":"product_cat","embeddable":true,"href":"https:\/\/www.dellepianespirits.com\/store\/wp-json\/wp\/v2\/product_cat?post=2869"},{"taxonomy":"product_tag","embeddable":true,"href":"https:\/\/www.dellepianespirits.com\/store\/wp-json\/wp\/v2\/product_tag?post=2869"}],"curies":[{"name":"wp","href":"https:\/\/api.w.org\/{rel}","templated":true}]}}