{"id":2865,"date":"2020-05-08T10:28:53","date_gmt":"2020-05-08T13:28:53","guid":{"rendered":"https:\/\/www.dellepianespirits.com\/store\/productos\/import-placeholder-for-695\/"},"modified":"2026-05-05T17:10:09","modified_gmt":"2026-05-05T20:10:09","slug":"licor-de-dulce-de-leche","status":"publish","type":"product","link":"https:\/\/www.dellepianespirits.com\/store\/productos\/licor-de-dulce-de-leche\/","title":{"rendered":"Licor de Dulce de Leche"},"content":{"rendered":"","protected":false},"excerpt":{"rendered":"<p>Uno de los sabores hist\u00f3ricamente m\u00e1s representativos de Argentina, el cl\u00e1sico Dulce de Leche, es presentado en un exquisito licor por \u201cTres Plumas\u201d manteniendo de gran forma la fidelidad al sabor y textura de los mejores exponentes. Considerado por exigentes catadores especializados en bebidas alcoh\u00f3licas, como el mejor del pa\u00eds en su tipo.<\/p>\n","protected":false},"featured_media":47621,"template":"","meta":{"wds_primary_product_brand":0,"wds_primary_product_cat":0,"footnotes":""},"product_brand":[],"product_cat":[112],"product_tag":[151,113],"class_list":{"0":"post-2865","1":"product","2":"type-product","3":"status-publish","4":"has-post-thumbnail","6":"product_cat-licores","7":"product_tag-licores-cremosos","8":"product_tag-tres-plumas","10":"first","11":"instock","12":"shipping-taxable","13":"purchasable","14":"product-type-simple"},"_links":{"self":[{"href":"https:\/\/www.dellepianespirits.com\/store\/wp-json\/wp\/v2\/product\/2865","targetHints":{"allow":["GET"]}}],"collection":[{"href":"https:\/\/www.dellepianespirits.com\/store\/wp-json\/wp\/v2\/product"}],"about":[{"href":"https:\/\/www.dellepianespirits.com\/store\/wp-json\/wp\/v2\/types\/product"}],"version-history":[{"count":0,"href":"https:\/\/www.dellepianespirits.com\/store\/wp-json\/wp\/v2\/product\/2865\/revisions"}],"wp:featuredmedia":[{"embeddable":true,"href":"https:\/\/www.dellepianespirits.com\/store\/wp-json\/wp\/v2\/media\/47621"}],"wp:attachment":[{"href":"https:\/\/www.dellepianespirits.com\/store\/wp-json\/wp\/v2\/media?parent=2865"}],"wp:term":[{"taxonomy":"product_brand","embeddable":true,"href":"https:\/\/www.dellepianespirits.com\/store\/wp-json\/wp\/v2\/product_brand?post=2865"},{"taxonomy":"product_cat","embeddable":true,"href":"https:\/\/www.dellepianespirits.com\/store\/wp-json\/wp\/v2\/product_cat?post=2865"},{"taxonomy":"product_tag","embeddable":true,"href":"https:\/\/www.dellepianespirits.com\/store\/wp-json\/wp\/v2\/product_tag?post=2865"}],"curies":[{"name":"wp","href":"https:\/\/api.w.org\/{rel}","templated":true}]}}