{"id":2859,"date":"2020-05-08T10:28:52","date_gmt":"2020-05-08T13:28:52","guid":{"rendered":"https:\/\/www.dellepianespirits.com\/store\/productos\/import-placeholder-for-677\/"},"modified":"2026-04-17T17:10:10","modified_gmt":"2026-04-17T20:10:10","slug":"licor-de-chocolate","status":"publish","type":"product","link":"https:\/\/www.dellepianespirits.com\/store\/productos\/licor-de-chocolate\/","title":{"rendered":"Licor de Chocolate"},"content":{"rendered":"","protected":false},"excerpt":{"rendered":"<p>Un verdadero cl\u00e1sico entre los licores, este reconocido sabor est\u00e1 entre los m\u00e1s destacados de \u201cTres Plumas\u201d. Nace a partir de una infusi\u00f3n de cacao, alcohol extra neutro y una base l\u00e1ctea de primera calidad que le da su t\u00edpica untuosidad y cuerpo. Un lento proceso de elaboraci\u00f3n artesanal al estilo europeo, permite obtener este cremoso y suave licor considerado el mejor del mercado (con perfil de sabor a chocolate con leche) por la prensa especializada.<\/p>\n","protected":false},"featured_media":47606,"template":"","meta":{"wds_primary_product_brand":0,"wds_primary_product_cat":0,"footnotes":""},"product_brand":[],"product_cat":[112],"product_tag":[151,113],"class_list":{"0":"post-2859","1":"product","2":"type-product","3":"status-publish","4":"has-post-thumbnail","6":"product_cat-licores","7":"product_tag-licores-cremosos","8":"product_tag-tres-plumas","10":"first","11":"instock","12":"shipping-taxable","13":"purchasable","14":"product-type-simple"},"_links":{"self":[{"href":"https:\/\/www.dellepianespirits.com\/store\/wp-json\/wp\/v2\/product\/2859","targetHints":{"allow":["GET"]}}],"collection":[{"href":"https:\/\/www.dellepianespirits.com\/store\/wp-json\/wp\/v2\/product"}],"about":[{"href":"https:\/\/www.dellepianespirits.com\/store\/wp-json\/wp\/v2\/types\/product"}],"version-history":[{"count":0,"href":"https:\/\/www.dellepianespirits.com\/store\/wp-json\/wp\/v2\/product\/2859\/revisions"}],"wp:featuredmedia":[{"embeddable":true,"href":"https:\/\/www.dellepianespirits.com\/store\/wp-json\/wp\/v2\/media\/47606"}],"wp:attachment":[{"href":"https:\/\/www.dellepianespirits.com\/store\/wp-json\/wp\/v2\/media?parent=2859"}],"wp:term":[{"taxonomy":"product_brand","embeddable":true,"href":"https:\/\/www.dellepianespirits.com\/store\/wp-json\/wp\/v2\/product_brand?post=2859"},{"taxonomy":"product_cat","embeddable":true,"href":"https:\/\/www.dellepianespirits.com\/store\/wp-json\/wp\/v2\/product_cat?post=2859"},{"taxonomy":"product_tag","embeddable":true,"href":"https:\/\/www.dellepianespirits.com\/store\/wp-json\/wp\/v2\/product_tag?post=2859"}],"curies":[{"name":"wp","href":"https:\/\/api.w.org\/{rel}","templated":true}]}}