{"id":2854,"date":"2020-05-08T10:28:52","date_gmt":"2020-05-08T13:28:52","guid":{"rendered":"https:\/\/www.dellepianespirits.com\/store\/productos\/import-placeholder-for-728\/"},"modified":"2026-04-26T17:10:08","modified_gmt":"2026-04-26T20:10:08","slug":"licor-amaretto","status":"publish","type":"product","link":"https:\/\/www.dellepianespirits.com\/store\/productos\/licor-amaretto\/","title":{"rendered":"Licor Amaretto"},"content":{"rendered":"","protected":false},"excerpt":{"rendered":"<p>S\u00faper cl\u00e1sico entre los licores de origen italiano, el Amaretto es excelente para agregar al caf\u00e9, para crear cocteles, o para combinar con jugo de naranja. Su aroma y sabor obtenido de la cuidada infusi\u00f3n de almendras seleccionadas, tiene en la versi\u00f3n de \u201cTres Plumas\u201d uno de los mejores exponentes.<\/p>\n","protected":false},"featured_media":47607,"template":"","meta":{"wds_primary_product_brand":0,"wds_primary_product_cat":0,"footnotes":""},"product_brand":[],"product_cat":[112],"product_tag":[113],"class_list":{"0":"post-2854","1":"product","2":"type-product","3":"status-publish","4":"has-post-thumbnail","6":"product_cat-licores","7":"product_tag-tres-plumas","9":"first","10":"instock","11":"shipping-taxable","12":"purchasable","13":"product-type-simple"},"_links":{"self":[{"href":"https:\/\/www.dellepianespirits.com\/store\/wp-json\/wp\/v2\/product\/2854","targetHints":{"allow":["GET"]}}],"collection":[{"href":"https:\/\/www.dellepianespirits.com\/store\/wp-json\/wp\/v2\/product"}],"about":[{"href":"https:\/\/www.dellepianespirits.com\/store\/wp-json\/wp\/v2\/types\/product"}],"version-history":[{"count":0,"href":"https:\/\/www.dellepianespirits.com\/store\/wp-json\/wp\/v2\/product\/2854\/revisions"}],"wp:featuredmedia":[{"embeddable":true,"href":"https:\/\/www.dellepianespirits.com\/store\/wp-json\/wp\/v2\/media\/47607"}],"wp:attachment":[{"href":"https:\/\/www.dellepianespirits.com\/store\/wp-json\/wp\/v2\/media?parent=2854"}],"wp:term":[{"taxonomy":"product_brand","embeddable":true,"href":"https:\/\/www.dellepianespirits.com\/store\/wp-json\/wp\/v2\/product_brand?post=2854"},{"taxonomy":"product_cat","embeddable":true,"href":"https:\/\/www.dellepianespirits.com\/store\/wp-json\/wp\/v2\/product_cat?post=2854"},{"taxonomy":"product_tag","embeddable":true,"href":"https:\/\/www.dellepianespirits.com\/store\/wp-json\/wp\/v2\/product_tag?post=2854"}],"curies":[{"name":"wp","href":"https:\/\/api.w.org\/{rel}","templated":true}]}}