{"id":2853,"date":"2020-05-08T10:28:52","date_gmt":"2020-05-08T13:28:52","guid":{"rendered":"https:\/\/www.dellepianespirits.com\/store\/productos\/import-placeholder-for-182\/"},"modified":"2026-05-02T17:10:09","modified_gmt":"2026-05-02T20:10:09","slug":"kirsch","status":"publish","type":"product","link":"https:\/\/www.dellepianespirits.com\/store\/productos\/kirsch\/","title":{"rendered":"Kirsch"},"content":{"rendered":"","protected":false},"excerpt":{"rendered":"<p>Un destilado puro de cereza proveniente de Europa donde es doblemente destilado en alambiques de cobre. Protagonista de la cocteler\u00eda cl\u00e1sica de la \u00e9poca oro y muy usado por los viejos maestros de la cocteler\u00eda Argentina.<\/p>\n","protected":false},"featured_media":47589,"template":"","meta":{"wds_primary_product_brand":0,"wds_primary_product_cat":0,"footnotes":""},"product_brand":[],"product_cat":[137,57],"product_tag":[136,27],"class_list":{"0":"post-2853","1":"product","2":"type-product","3":"status-publish","4":"has-post-thumbnail","6":"product_cat-importado","7":"product_cat-kirsch","8":"product_tag-importado","9":"product_tag-luxardo","11":"first","12":"instock","13":"shipping-taxable","14":"purchasable","15":"product-type-simple"},"_links":{"self":[{"href":"https:\/\/www.dellepianespirits.com\/store\/wp-json\/wp\/v2\/product\/2853","targetHints":{"allow":["GET"]}}],"collection":[{"href":"https:\/\/www.dellepianespirits.com\/store\/wp-json\/wp\/v2\/product"}],"about":[{"href":"https:\/\/www.dellepianespirits.com\/store\/wp-json\/wp\/v2\/types\/product"}],"version-history":[{"count":0,"href":"https:\/\/www.dellepianespirits.com\/store\/wp-json\/wp\/v2\/product\/2853\/revisions"}],"wp:featuredmedia":[{"embeddable":true,"href":"https:\/\/www.dellepianespirits.com\/store\/wp-json\/wp\/v2\/media\/47589"}],"wp:attachment":[{"href":"https:\/\/www.dellepianespirits.com\/store\/wp-json\/wp\/v2\/media?parent=2853"}],"wp:term":[{"taxonomy":"product_brand","embeddable":true,"href":"https:\/\/www.dellepianespirits.com\/store\/wp-json\/wp\/v2\/product_brand?post=2853"},{"taxonomy":"product_cat","embeddable":true,"href":"https:\/\/www.dellepianespirits.com\/store\/wp-json\/wp\/v2\/product_cat?post=2853"},{"taxonomy":"product_tag","embeddable":true,"href":"https:\/\/www.dellepianespirits.com\/store\/wp-json\/wp\/v2\/product_tag?post=2853"}],"curies":[{"name":"wp","href":"https:\/\/api.w.org\/{rel}","templated":true}]}}