{"id":2848,"date":"2020-05-08T10:28:51","date_gmt":"2020-05-08T13:28:51","guid":{"rendered":"https:\/\/www.dellepianespirits.com\/store\/productos\/import-placeholder-for-177\/"},"modified":"2026-04-30T17:10:05","modified_gmt":"2026-04-30T20:10:05","slug":"golden-age-parfait-amour","status":"publish","type":"product","link":"https:\/\/www.dellepianespirits.com\/store\/productos\/golden-age-parfait-amour\/","title":{"rendered":"Golden Age Parfait Amour"},"content":{"rendered":"","protected":false},"excerpt":{"rendered":"<p>Parfait amour es elaborado de manera artesanal por nuestro maestro licorista a la forma tradicional europea, a partir de una maceraci\u00f3n de pieles de naranjas dulces del tipo cura\u00e7ao, en alcohol extra neutro con delicados toques de vainilla y violetas.<\/p>\n<p>De elegante color violeta, en nariz se expresa abierto con un encantador perfume a naranjas sutiles aromas a vainilla y violeta. En boca repite las notas arom\u00e1ticas con el dulzor justo y balance perfecto. Un cl\u00e1sico de la cocteler\u00eda que regresa luego de 3 d\u00e9cadas para escribir nuevas historias.<\/p>\n","protected":false},"featured_media":47586,"template":"","meta":{"wds_primary_product_brand":0,"wds_primary_product_cat":0,"footnotes":""},"product_brand":[],"product_cat":[107,112],"product_tag":[157,26],"class_list":{"0":"post-2848","1":"product","2":"type-product","3":"status-publish","4":"has-post-thumbnail","6":"product_cat-golden-age","7":"product_cat-licores","8":"product_tag-burns","9":"product_tag-golden-age","11":"first","12":"instock","13":"shipping-taxable","14":"purchasable","15":"product-type-simple"},"_links":{"self":[{"href":"https:\/\/www.dellepianespirits.com\/store\/wp-json\/wp\/v2\/product\/2848","targetHints":{"allow":["GET"]}}],"collection":[{"href":"https:\/\/www.dellepianespirits.com\/store\/wp-json\/wp\/v2\/product"}],"about":[{"href":"https:\/\/www.dellepianespirits.com\/store\/wp-json\/wp\/v2\/types\/product"}],"version-history":[{"count":0,"href":"https:\/\/www.dellepianespirits.com\/store\/wp-json\/wp\/v2\/product\/2848\/revisions"}],"wp:featuredmedia":[{"embeddable":true,"href":"https:\/\/www.dellepianespirits.com\/store\/wp-json\/wp\/v2\/media\/47586"}],"wp:attachment":[{"href":"https:\/\/www.dellepianespirits.com\/store\/wp-json\/wp\/v2\/media?parent=2848"}],"wp:term":[{"taxonomy":"product_brand","embeddable":true,"href":"https:\/\/www.dellepianespirits.com\/store\/wp-json\/wp\/v2\/product_brand?post=2848"},{"taxonomy":"product_cat","embeddable":true,"href":"https:\/\/www.dellepianespirits.com\/store\/wp-json\/wp\/v2\/product_cat?post=2848"},{"taxonomy":"product_tag","embeddable":true,"href":"https:\/\/www.dellepianespirits.com\/store\/wp-json\/wp\/v2\/product_tag?post=2848"}],"curies":[{"name":"wp","href":"https:\/\/api.w.org\/{rel}","templated":true}]}}