{"id":2847,"date":"2020-05-08T10:28:51","date_gmt":"2020-05-08T13:28:51","guid":{"rendered":"https:\/\/www.dellepianespirits.com\/store\/productos\/import-placeholder-for-174\/"},"modified":"2026-04-29T17:10:06","modified_gmt":"2026-04-29T20:10:06","slug":"golden-age-maraschino","status":"publish","type":"product","link":"https:\/\/www.dellepianespirits.com\/store\/productos\/golden-age-maraschino\/","title":{"rendered":"Golden Age Maraschino"},"content":{"rendered":"","protected":false},"excerpt":{"rendered":"<p>Maraschino es un cl\u00e1sico que nace a trav\u00e9s de un cuidadoso proceso de maceraci\u00f3n y destilaci\u00f3n artesanal de cerezas provenientes del sur argentino, utilizando alambiques de cobre inspirado en la antigua tradici\u00f3n europea.<\/p>\n<p>En nariz se aprecian agradables notas a rosas y un intenso perfume a cerezas; en tanto en boca con un cuerpo sedoso, ostenta una gran expresi\u00f3n a cerezas naturales confitadas, con un equilibrio perfectamente logrado. \u00cdcono de la cocteler\u00eda cl\u00e1sica, el maraschino est\u00e1 siempre presente en todas las barras del mundo.<\/p>\n","protected":false},"featured_media":47584,"template":"","meta":{"wds_primary_product_brand":0,"wds_primary_product_cat":0,"footnotes":""},"product_brand":[],"product_cat":[107,112],"product_tag":[157,26],"class_list":{"0":"post-2847","1":"product","2":"type-product","3":"status-publish","4":"has-post-thumbnail","6":"product_cat-golden-age","7":"product_cat-licores","8":"product_tag-burns","9":"product_tag-golden-age","11":"first","12":"instock","13":"shipping-taxable","14":"purchasable","15":"product-type-simple"},"_links":{"self":[{"href":"https:\/\/www.dellepianespirits.com\/store\/wp-json\/wp\/v2\/product\/2847","targetHints":{"allow":["GET"]}}],"collection":[{"href":"https:\/\/www.dellepianespirits.com\/store\/wp-json\/wp\/v2\/product"}],"about":[{"href":"https:\/\/www.dellepianespirits.com\/store\/wp-json\/wp\/v2\/types\/product"}],"version-history":[{"count":0,"href":"https:\/\/www.dellepianespirits.com\/store\/wp-json\/wp\/v2\/product\/2847\/revisions"}],"wp:featuredmedia":[{"embeddable":true,"href":"https:\/\/www.dellepianespirits.com\/store\/wp-json\/wp\/v2\/media\/47584"}],"wp:attachment":[{"href":"https:\/\/www.dellepianespirits.com\/store\/wp-json\/wp\/v2\/media?parent=2847"}],"wp:term":[{"taxonomy":"product_brand","embeddable":true,"href":"https:\/\/www.dellepianespirits.com\/store\/wp-json\/wp\/v2\/product_brand?post=2847"},{"taxonomy":"product_cat","embeddable":true,"href":"https:\/\/www.dellepianespirits.com\/store\/wp-json\/wp\/v2\/product_cat?post=2847"},{"taxonomy":"product_tag","embeddable":true,"href":"https:\/\/www.dellepianespirits.com\/store\/wp-json\/wp\/v2\/product_tag?post=2847"}],"curies":[{"name":"wp","href":"https:\/\/api.w.org\/{rel}","templated":true}]}}