{"id":2813,"date":"2020-05-08T10:28:45","date_gmt":"2020-05-08T13:28:45","guid":{"rendered":"https:\/\/www.dellepianespirits.com\/store\/productos\/import-placeholder-for-175\/"},"modified":"2026-04-07T17:10:07","modified_gmt":"2026-04-07T20:10:07","slug":"golden-age-apricot-brandy","status":"publish","type":"product","link":"https:\/\/www.dellepianespirits.com\/store\/productos\/golden-age-apricot-brandy\/","title":{"rendered":"Golden Age Apricot Brandy"},"content":{"rendered":"","protected":false},"excerpt":{"rendered":"<p>Apricot brandy es el resultado de una muy cuidada maceraci\u00f3n en alcohol extra neutro de damascos seleccionados y el aporte de un 5% de brandy importado.<\/p>\n<p>De color durazno con reflejos cobrizos, en nariz encontramos notas de damasco maduro y t\u00edpicas a madera aportadas por la elegancia del brandy, en boca se muestra perfectamente integrado, con una c\u00e1lida nota final a brandy y damascos maduros. Ampliamente vers\u00e1til, el apricot brandy regresa para volver a ser protagonista de las barras.<\/p>\n","protected":false},"featured_media":47581,"template":"","meta":{"wds_primary_product_brand":0,"wds_primary_product_cat":0,"footnotes":""},"product_brand":[],"product_cat":[107,112],"product_tag":[157,26],"class_list":{"0":"post-2813","1":"product","2":"type-product","3":"status-publish","4":"has-post-thumbnail","6":"product_cat-golden-age","7":"product_cat-licores","8":"product_tag-burns","9":"product_tag-golden-age","11":"first","12":"instock","13":"shipping-taxable","14":"purchasable","15":"product-type-simple"},"_links":{"self":[{"href":"https:\/\/www.dellepianespirits.com\/store\/wp-json\/wp\/v2\/product\/2813","targetHints":{"allow":["GET"]}}],"collection":[{"href":"https:\/\/www.dellepianespirits.com\/store\/wp-json\/wp\/v2\/product"}],"about":[{"href":"https:\/\/www.dellepianespirits.com\/store\/wp-json\/wp\/v2\/types\/product"}],"version-history":[{"count":0,"href":"https:\/\/www.dellepianespirits.com\/store\/wp-json\/wp\/v2\/product\/2813\/revisions"}],"wp:featuredmedia":[{"embeddable":true,"href":"https:\/\/www.dellepianespirits.com\/store\/wp-json\/wp\/v2\/media\/47581"}],"wp:attachment":[{"href":"https:\/\/www.dellepianespirits.com\/store\/wp-json\/wp\/v2\/media?parent=2813"}],"wp:term":[{"taxonomy":"product_brand","embeddable":true,"href":"https:\/\/www.dellepianespirits.com\/store\/wp-json\/wp\/v2\/product_brand?post=2813"},{"taxonomy":"product_cat","embeddable":true,"href":"https:\/\/www.dellepianespirits.com\/store\/wp-json\/wp\/v2\/product_cat?post=2813"},{"taxonomy":"product_tag","embeddable":true,"href":"https:\/\/www.dellepianespirits.com\/store\/wp-json\/wp\/v2\/product_tag?post=2813"}],"curies":[{"name":"wp","href":"https:\/\/api.w.org\/{rel}","templated":true}]}}