{"id":2802,"date":"2020-05-08T10:28:44","date_gmt":"2020-05-08T13:28:44","guid":{"rendered":"https:\/\/www.dellepianespirits.com\/store\/productos\/import-placeholder-for-721\/"},"modified":"2026-04-20T17:10:12","modified_gmt":"2026-04-20T20:10:12","slug":"curacao-triple-sec","status":"publish","type":"product","link":"https:\/\/www.dellepianespirits.com\/store\/productos\/curacao-triple-sec\/","title":{"rendered":"Curacao Triple Sec"},"content":{"rendered":"","protected":false},"excerpt":{"rendered":"<p>Otro cl\u00e1sico de todos los tiempos, este licor fino posee un destilado natural de cortezas de naranjas Cura\u00e7ao que le dan el perfil dulce y arom\u00e1tico. Nuestro experto master distiller le suma naranjas amargas, canela y una decena de hierbas arom\u00e1ticas de varias partes del mundo, resultando en un Triple Sec de alta calidad. COLOR: Transparente. NARIZ: Intensa, expresiva, anticipa una boca muy dulce, sin dudas m\u00e1s compleja que el de otras marcas. BOCA: De cuerpo untuoso, sostiene el sabor a naranja justo. M\u00e1s profundo, con reminiscencias medicinales, posee un paladar m\u00e1s seco.<\/p>\n","protected":false},"featured_media":47631,"template":"","meta":{"wds_primary_product_brand":0,"wds_primary_product_cat":0,"footnotes":""},"product_brand":[],"product_cat":[112],"product_tag":[113],"class_list":{"0":"post-2802","1":"product","2":"type-product","3":"status-publish","4":"has-post-thumbnail","6":"product_cat-licores","7":"product_tag-tres-plumas","9":"first","10":"instock","11":"shipping-taxable","12":"purchasable","13":"product-type-simple"},"_links":{"self":[{"href":"https:\/\/www.dellepianespirits.com\/store\/wp-json\/wp\/v2\/product\/2802","targetHints":{"allow":["GET"]}}],"collection":[{"href":"https:\/\/www.dellepianespirits.com\/store\/wp-json\/wp\/v2\/product"}],"about":[{"href":"https:\/\/www.dellepianespirits.com\/store\/wp-json\/wp\/v2\/types\/product"}],"version-history":[{"count":0,"href":"https:\/\/www.dellepianespirits.com\/store\/wp-json\/wp\/v2\/product\/2802\/revisions"}],"wp:featuredmedia":[{"embeddable":true,"href":"https:\/\/www.dellepianespirits.com\/store\/wp-json\/wp\/v2\/media\/47631"}],"wp:attachment":[{"href":"https:\/\/www.dellepianespirits.com\/store\/wp-json\/wp\/v2\/media?parent=2802"}],"wp:term":[{"taxonomy":"product_brand","embeddable":true,"href":"https:\/\/www.dellepianespirits.com\/store\/wp-json\/wp\/v2\/product_brand?post=2802"},{"taxonomy":"product_cat","embeddable":true,"href":"https:\/\/www.dellepianespirits.com\/store\/wp-json\/wp\/v2\/product_cat?post=2802"},{"taxonomy":"product_tag","embeddable":true,"href":"https:\/\/www.dellepianespirits.com\/store\/wp-json\/wp\/v2\/product_tag?post=2802"}],"curies":[{"name":"wp","href":"https:\/\/api.w.org\/{rel}","templated":true}]}}