{"id":2798,"date":"2020-05-08T10:28:44","date_gmt":"2020-05-08T13:28:44","guid":{"rendered":"https:\/\/www.dellepianespirits.com\/store\/productos\/import-placeholder-for-668\/"},"modified":"2026-04-07T17:10:08","modified_gmt":"2026-04-07T20:10:08","slug":"cafe-al-whisky","status":"publish","type":"product","link":"https:\/\/www.dellepianespirits.com\/store\/productos\/cafe-al-whisky\/","title":{"rendered":"Caf\u00e9 al Whisky"},"content":{"rendered":"","protected":false},"excerpt":{"rendered":"<p>Caf\u00e9 y Whisky, una combinaci\u00f3n cl\u00e1sica que \u201cTres Plumas\u201d logr\u00f3 traducir en un licor elegante y equilibrado, convirti\u00e9ndose r\u00e1pidamente en un largo \u00e9xito en ventas. Usando la misma base de licor de caf\u00e9, se le a\u00f1ade una parte de whisky importado para crear este licor fino que se disfruta solo o con caf\u00e9 expresso.<\/p>\n","protected":false},"featured_media":47574,"template":"","meta":{"wds_primary_product_brand":0,"wds_primary_product_cat":0,"footnotes":""},"product_brand":[],"product_cat":[112],"product_tag":[152,113],"class_list":{"0":"post-2798","1":"product","2":"type-product","3":"status-publish","4":"has-post-thumbnail","6":"product_cat-licores","7":"product_tag-promocafe","8":"product_tag-tres-plumas","10":"first","11":"instock","12":"shipping-taxable","13":"purchasable","14":"product-type-simple"},"_links":{"self":[{"href":"https:\/\/www.dellepianespirits.com\/store\/wp-json\/wp\/v2\/product\/2798","targetHints":{"allow":["GET"]}}],"collection":[{"href":"https:\/\/www.dellepianespirits.com\/store\/wp-json\/wp\/v2\/product"}],"about":[{"href":"https:\/\/www.dellepianespirits.com\/store\/wp-json\/wp\/v2\/types\/product"}],"version-history":[{"count":0,"href":"https:\/\/www.dellepianespirits.com\/store\/wp-json\/wp\/v2\/product\/2798\/revisions"}],"wp:featuredmedia":[{"embeddable":true,"href":"https:\/\/www.dellepianespirits.com\/store\/wp-json\/wp\/v2\/media\/47574"}],"wp:attachment":[{"href":"https:\/\/www.dellepianespirits.com\/store\/wp-json\/wp\/v2\/media?parent=2798"}],"wp:term":[{"taxonomy":"product_brand","embeddable":true,"href":"https:\/\/www.dellepianespirits.com\/store\/wp-json\/wp\/v2\/product_brand?post=2798"},{"taxonomy":"product_cat","embeddable":true,"href":"https:\/\/www.dellepianespirits.com\/store\/wp-json\/wp\/v2\/product_cat?post=2798"},{"taxonomy":"product_tag","embeddable":true,"href":"https:\/\/www.dellepianespirits.com\/store\/wp-json\/wp\/v2\/product_tag?post=2798"}],"curies":[{"name":"wp","href":"https:\/\/api.w.org\/{rel}","templated":true}]}}