{"id":2796,"date":"2020-05-08T10:28:44","date_gmt":"2020-05-08T13:28:44","guid":{"rendered":"https:\/\/www.dellepianespirits.com\/store\/productos\/import-placeholder-for-673\/"},"modified":"2026-04-07T17:10:09","modified_gmt":"2026-04-07T20:10:09","slug":"cafe-al-dulce-de-leche","status":"publish","type":"product","link":"https:\/\/www.dellepianespirits.com\/store\/productos\/cafe-al-dulce-de-leche\/","title":{"rendered":"Caf\u00e9 al Dulce de Leche"},"content":{"rendered":"","protected":false},"excerpt":{"rendered":"<p>Luego del \u00e9xito del Licor de Caf\u00e9 al Co\u00f1ac \u201cTres Plumas\u201d, la compa\u00f1\u00eda Dellepiane S.A. fue lanzando distintas combinaciones, entre las que no pod\u00eda faltar el cl\u00e1sico sabor argentino: el dulce de leche. Un producto original que solo Tres Plumas ofrece en el mercado, perfecto para degustar al final de una cena, solo con hielo o en el caf\u00e9.<\/p>\n","protected":false},"featured_media":47572,"template":"","meta":{"wds_primary_product_brand":0,"wds_primary_product_cat":0,"footnotes":""},"product_brand":[],"product_cat":[112],"product_tag":[152,113],"class_list":{"0":"post-2796","1":"product","2":"type-product","3":"status-publish","4":"has-post-thumbnail","6":"product_cat-licores","7":"product_tag-promocafe","8":"product_tag-tres-plumas","10":"first","11":"instock","12":"shipping-taxable","13":"purchasable","14":"product-type-simple"},"_links":{"self":[{"href":"https:\/\/www.dellepianespirits.com\/store\/wp-json\/wp\/v2\/product\/2796","targetHints":{"allow":["GET"]}}],"collection":[{"href":"https:\/\/www.dellepianespirits.com\/store\/wp-json\/wp\/v2\/product"}],"about":[{"href":"https:\/\/www.dellepianespirits.com\/store\/wp-json\/wp\/v2\/types\/product"}],"version-history":[{"count":0,"href":"https:\/\/www.dellepianespirits.com\/store\/wp-json\/wp\/v2\/product\/2796\/revisions"}],"wp:featuredmedia":[{"embeddable":true,"href":"https:\/\/www.dellepianespirits.com\/store\/wp-json\/wp\/v2\/media\/47572"}],"wp:attachment":[{"href":"https:\/\/www.dellepianespirits.com\/store\/wp-json\/wp\/v2\/media?parent=2796"}],"wp:term":[{"taxonomy":"product_brand","embeddable":true,"href":"https:\/\/www.dellepianespirits.com\/store\/wp-json\/wp\/v2\/product_brand?post=2796"},{"taxonomy":"product_cat","embeddable":true,"href":"https:\/\/www.dellepianespirits.com\/store\/wp-json\/wp\/v2\/product_cat?post=2796"},{"taxonomy":"product_tag","embeddable":true,"href":"https:\/\/www.dellepianespirits.com\/store\/wp-json\/wp\/v2\/product_tag?post=2796"}],"curies":[{"name":"wp","href":"https:\/\/api.w.org\/{rel}","templated":true}]}}