{"id":2794,"date":"2020-05-08T10:28:44","date_gmt":"2020-05-08T13:28:44","guid":{"rendered":"https:\/\/www.dellepianespirits.com\/store\/productos\/import-placeholder-for-671\/"},"modified":"2026-04-26T17:10:07","modified_gmt":"2026-04-26T20:10:07","slug":"cafe-al-chocolate","status":"publish","type":"product","link":"https:\/\/www.dellepianespirits.com\/store\/productos\/cafe-al-chocolate\/","title":{"rendered":"Caf\u00e9 al Chocolate"},"content":{"rendered":"","protected":false},"excerpt":{"rendered":"<p>Caf\u00e9 y Chocolate son dos sabores que enamoran a todo el mundo. \u201cTres Plumas\u201d decidi\u00f3 combinarlos en el m\u00e1s delicioso licor fino. De aromas c\u00e1lidos y seductores, paladar sedoso y envolvente, beberlo solo con hielo o con caf\u00e9 es una tentaci\u00f3n siempre.<\/p>\n","protected":false},"featured_media":47570,"template":"","meta":{"wds_primary_product_brand":0,"wds_primary_product_cat":0,"footnotes":""},"product_brand":[],"product_cat":[112],"product_tag":[152,113],"class_list":{"0":"post-2794","1":"product","2":"type-product","3":"status-publish","4":"has-post-thumbnail","6":"product_cat-licores","7":"product_tag-promocafe","8":"product_tag-tres-plumas","10":"first","11":"instock","12":"shipping-taxable","13":"purchasable","14":"product-type-simple"},"_links":{"self":[{"href":"https:\/\/www.dellepianespirits.com\/store\/wp-json\/wp\/v2\/product\/2794","targetHints":{"allow":["GET"]}}],"collection":[{"href":"https:\/\/www.dellepianespirits.com\/store\/wp-json\/wp\/v2\/product"}],"about":[{"href":"https:\/\/www.dellepianespirits.com\/store\/wp-json\/wp\/v2\/types\/product"}],"version-history":[{"count":0,"href":"https:\/\/www.dellepianespirits.com\/store\/wp-json\/wp\/v2\/product\/2794\/revisions"}],"wp:featuredmedia":[{"embeddable":true,"href":"https:\/\/www.dellepianespirits.com\/store\/wp-json\/wp\/v2\/media\/47570"}],"wp:attachment":[{"href":"https:\/\/www.dellepianespirits.com\/store\/wp-json\/wp\/v2\/media?parent=2794"}],"wp:term":[{"taxonomy":"product_brand","embeddable":true,"href":"https:\/\/www.dellepianespirits.com\/store\/wp-json\/wp\/v2\/product_brand?post=2794"},{"taxonomy":"product_cat","embeddable":true,"href":"https:\/\/www.dellepianespirits.com\/store\/wp-json\/wp\/v2\/product_cat?post=2794"},{"taxonomy":"product_tag","embeddable":true,"href":"https:\/\/www.dellepianespirits.com\/store\/wp-json\/wp\/v2\/product_tag?post=2794"}],"curies":[{"name":"wp","href":"https:\/\/api.w.org\/{rel}","templated":true}]}}