{"id":2793,"date":"2020-05-08T10:28:44","date_gmt":"2020-05-08T13:28:44","guid":{"rendered":"https:\/\/www.dellepianespirits.com\/store\/productos\/import-placeholder-for-719\/"},"modified":"2026-04-07T17:10:11","modified_gmt":"2026-04-07T20:10:11","slug":"blue-curacao","status":"publish","type":"product","link":"https:\/\/www.dellepianespirits.com\/store\/productos\/blue-curacao\/","title":{"rendered":"Blue Curacao"},"content":{"rendered":"","protected":false},"excerpt":{"rendered":"<p>Cl\u00e1sico de la cocteler\u00eda moderna, al igual que el Triple Sec este licor es elaborado a base de cortezas de naranjas Cura\u00e7ao, al que nuestro maestro licorista le suma en la destilaci\u00f3n cortezas de canela de Ceyl\u00e1n, hierbas y especias. COLOR: Azul profundo, intenso y atractivo. NARIZ: Expresiva y de notable intensidad. Aromas naturales a piel de naranja dulce y notas a almendras. BOCA: Untuoso y dulce. Obtuvo en 2014 el reconocimiento como el mejor en su tipo del mercado argentino, otorgado por la revista especializada \u00abBar and Drinks\u00bb.<\/p>\n","protected":false},"featured_media":47611,"template":"","meta":{"wds_primary_product_brand":0,"wds_primary_product_cat":0,"footnotes":""},"product_brand":[],"product_cat":[112],"product_tag":[113],"class_list":{"0":"post-2793","1":"product","2":"type-product","3":"status-publish","4":"has-post-thumbnail","6":"product_cat-licores","7":"product_tag-tres-plumas","9":"first","10":"instock","11":"shipping-taxable","12":"purchasable","13":"product-type-simple"},"_links":{"self":[{"href":"https:\/\/www.dellepianespirits.com\/store\/wp-json\/wp\/v2\/product\/2793","targetHints":{"allow":["GET"]}}],"collection":[{"href":"https:\/\/www.dellepianespirits.com\/store\/wp-json\/wp\/v2\/product"}],"about":[{"href":"https:\/\/www.dellepianespirits.com\/store\/wp-json\/wp\/v2\/types\/product"}],"version-history":[{"count":0,"href":"https:\/\/www.dellepianespirits.com\/store\/wp-json\/wp\/v2\/product\/2793\/revisions"}],"wp:featuredmedia":[{"embeddable":true,"href":"https:\/\/www.dellepianespirits.com\/store\/wp-json\/wp\/v2\/media\/47611"}],"wp:attachment":[{"href":"https:\/\/www.dellepianespirits.com\/store\/wp-json\/wp\/v2\/media?parent=2793"}],"wp:term":[{"taxonomy":"product_brand","embeddable":true,"href":"https:\/\/www.dellepianespirits.com\/store\/wp-json\/wp\/v2\/product_brand?post=2793"},{"taxonomy":"product_cat","embeddable":true,"href":"https:\/\/www.dellepianespirits.com\/store\/wp-json\/wp\/v2\/product_cat?post=2793"},{"taxonomy":"product_tag","embeddable":true,"href":"https:\/\/www.dellepianespirits.com\/store\/wp-json\/wp\/v2\/product_tag?post=2793"}],"curies":[{"name":"wp","href":"https:\/\/api.w.org\/{rel}","templated":true}]}}