{"id":2786,"date":"2020-05-08T10:28:43","date_gmt":"2020-05-08T13:28:43","guid":{"rendered":"https:\/\/www.dellepianespirits.com\/store\/productos\/import-placeholder-for-197\/"},"modified":"2026-04-28T17:10:14","modified_gmt":"2026-04-28T20:10:14","slug":"absente","status":"publish","type":"product","link":"https:\/\/www.dellepianespirits.com\/store\/productos\/absente\/","title":{"rendered":"Absente"},"content":{"rendered":"","protected":false},"excerpt":{"rendered":"<p>Es de Origen franc\u00e9s siendo el primer absenta legal que contiene tujona lanzada en 1999 en Europa y Estados Unidos. Un absenta que marca tendencia destac\u00e1ndose por su calidad, frescura y delicadeza. Para beber con hielo tambi\u00e9n siendo muy utilizado en el mundo de la cocteler\u00eda.<\/p>\n","protected":false},"featured_media":47565,"template":"","meta":{"wds_primary_product_brand":0,"wds_primary_product_cat":0,"footnotes":""},"product_brand":[],"product_cat":[67,137],"product_tag":[68,136],"class_list":{"0":"post-2786","1":"product","2":"type-product","3":"status-publish","4":"has-post-thumbnail","6":"product_cat-absenta","7":"product_cat-importado","8":"product_tag-absente","9":"product_tag-importado","11":"first","12":"instock","13":"shipping-taxable","14":"purchasable","15":"product-type-simple"},"_links":{"self":[{"href":"https:\/\/www.dellepianespirits.com\/store\/wp-json\/wp\/v2\/product\/2786","targetHints":{"allow":["GET"]}}],"collection":[{"href":"https:\/\/www.dellepianespirits.com\/store\/wp-json\/wp\/v2\/product"}],"about":[{"href":"https:\/\/www.dellepianespirits.com\/store\/wp-json\/wp\/v2\/types\/product"}],"version-history":[{"count":0,"href":"https:\/\/www.dellepianespirits.com\/store\/wp-json\/wp\/v2\/product\/2786\/revisions"}],"wp:featuredmedia":[{"embeddable":true,"href":"https:\/\/www.dellepianespirits.com\/store\/wp-json\/wp\/v2\/media\/47565"}],"wp:attachment":[{"href":"https:\/\/www.dellepianespirits.com\/store\/wp-json\/wp\/v2\/media?parent=2786"}],"wp:term":[{"taxonomy":"product_brand","embeddable":true,"href":"https:\/\/www.dellepianespirits.com\/store\/wp-json\/wp\/v2\/product_brand?post=2786"},{"taxonomy":"product_cat","embeddable":true,"href":"https:\/\/www.dellepianespirits.com\/store\/wp-json\/wp\/v2\/product_cat?post=2786"},{"taxonomy":"product_tag","embeddable":true,"href":"https:\/\/www.dellepianespirits.com\/store\/wp-json\/wp\/v2\/product_tag?post=2786"}],"curies":[{"name":"wp","href":"https:\/\/api.w.org\/{rel}","templated":true}]}}